{"id":254,"date":"2025-01-21T16:29:17","date_gmt":"2025-01-21T15:29:17","guid":{"rendered":"https:\/\/www.kafevklidu.cz\/muj-ucet\/"},"modified":"2025-01-24T10:22:44","modified_gmt":"2025-01-24T09:22:44","slug":"muj-ucet","status":"publish","type":"page","link":"https:\/\/www.kafevklidu.cz\/en\/muj-ucet\/","title":{"rendered":"M\u016fj \u00fa\u010det"},"content":{"rendered":"<div class=\"woocommerce\"><\/div>","protected":false},"excerpt":{"rendered":"","protected":false},"author":1,"featured_media":395,"parent":0,"menu_order":0,"comment_status":"closed","ping_status":"closed","template":"","meta":{"advanced_seo_description":"","jetpack_seo_html_title":"","jetpack_seo_noindex":false,"footnotes":""},"class_list":["post-254","page","type-page","status-publish","has-post-thumbnail","hentry"],"jetpack_sharing_enabled":true,"jetpack_likes_enabled":true,"jetpack-related-posts":[],"jetpack_shortlink":"https:\/\/wp.me\/PgjlcL-46","_links":{"self":[{"href":"https:\/\/www.kafevklidu.cz\/en\/wp-json\/wp\/v2\/pages\/254","targetHints":{"allow":["GET"]}}],"collection":[{"href":"https:\/\/www.kafevklidu.cz\/en\/wp-json\/wp\/v2\/pages"}],"about":[{"href":"https:\/\/www.kafevklidu.cz\/en\/wp-json\/wp\/v2\/types\/page"}],"author":[{"embeddable":true,"href":"https:\/\/www.kafevklidu.cz\/en\/wp-json\/wp\/v2\/users\/1"}],"replies":[{"embeddable":true,"href":"https:\/\/www.kafevklidu.cz\/en\/wp-json\/wp\/v2\/comments?post=254"}],"version-history":[{"count":1,"href":"https:\/\/www.kafevklidu.cz\/en\/wp-json\/wp\/v2\/pages\/254\/revisions"}],"predecessor-version":[{"id":398,"href":"https:\/\/www.kafevklidu.cz\/en\/wp-json\/wp\/v2\/pages\/254\/revisions\/398"}],"wp:featuredmedia":[{"embeddable":true,"href":"https:\/\/www.kafevklidu.cz\/en\/wp-json\/wp\/v2\/media\/395"}],"wp:attachment":[{"href":"https:\/\/www.kafevklidu.cz\/en\/wp-json\/wp\/v2\/media?parent=254"}],"curies":[{"name":"wp","href":"https:\/\/api.w.org\/{rel}","templated":true}]}}