{"id":326,"date":"2025-01-23T11:56:02","date_gmt":"2025-01-23T10:56:02","guid":{"rendered":"https:\/\/www.kafevklidu.cz\/?post_type=product&#038;p=326"},"modified":"2026-02-09T14:55:56","modified_gmt":"2026-02-09T13:55:56","slug":"kava-kafe-v-klidu-kolumbie","status":"publish","type":"product","link":"https:\/\/www.kafevklidu.cz\/en\/product\/kava-kafe-v-klidu-kolumbie\/","title":{"rendered":"K\u00e1va Kafe v Klidu &#8211; Kolumbie"},"content":{"rendered":"<p>Jedn\u00e1 se o k\u00e1vu pra\u017eenou v\u00fdhradn\u011b pro Kafe v Klidu z t\u011bch nejlep\u0161\u00edch Kolumbijsk\u00fdch k\u00e1vov\u00fdch zrn. K\u00e1va BO Premium Selection je \u010dist\u00e1 100% Arabica Kolumbie Supremo. P\u0159ij\u010fte nejd\u0159\u00edve ochutnat do Kafe v Klidu a pot\u00e9 se m\u016f\u017eete rozhodnout.<\/p>","protected":false},"excerpt":{"rendered":"<p>Jedn\u00e1 se o k\u00e1vu pra\u017eenou v\u00fdhradn\u011b pro Kafe v Klidu z t\u011bch nejlep\u0161\u00edch Kolumbijsk\u00fdch k\u00e1vov\u00fdch zrn. K\u00e1va BO Premium Selection je \u010dist\u00e1 100% Arabica Kolumbie Supremo. P\u0159ij\u010fte nejd\u0159\u00edve ochutnat do Kafe v Klidu a pot\u00e9 se m\u016f\u017eete rozhodnout.<\/p>","protected":false},"featured_media":612,"comment_status":"open","ping_status":"closed","template":"","meta":{"advanced_seo_description":"","jetpack_seo_html_title":"","jetpack_seo_noindex":false,"wds_primary_product_brand":0,"wds_primary_product_cat":52},"product_brand":[38],"product_cat":[51,52],"product_tag":[54,55],"class_list":{"0":"post-326","1":"product","2":"type-product","3":"status-publish","4":"has-post-thumbnail","6":"product_brand-kafe-v-klidu","7":"product_cat-kava","8":"product_cat-na-espresso","9":"product_tag-kava","10":"product_tag-kava-na-espresso","12":"first","13":"instock","14":"shipping-taxable","15":"purchasable","16":"product-type-variable"},"jetpack_sharing_enabled":true,"jetpack_likes_enabled":true,"jetpack-related-posts":[],"_links":{"self":[{"href":"https:\/\/www.kafevklidu.cz\/en\/wp-json\/wp\/v2\/product\/326","targetHints":{"allow":["GET"]}}],"collection":[{"href":"https:\/\/www.kafevklidu.cz\/en\/wp-json\/wp\/v2\/product"}],"about":[{"href":"https:\/\/www.kafevklidu.cz\/en\/wp-json\/wp\/v2\/types\/product"}],"replies":[{"embeddable":true,"href":"https:\/\/www.kafevklidu.cz\/en\/wp-json\/wp\/v2\/comments?post=326"}],"wp:featuredmedia":[{"embeddable":true,"href":"https:\/\/www.kafevklidu.cz\/en\/wp-json\/wp\/v2\/media\/612"}],"wp:attachment":[{"href":"https:\/\/www.kafevklidu.cz\/en\/wp-json\/wp\/v2\/media?parent=326"}],"wp:term":[{"taxonomy":"product_brand","embeddable":true,"href":"https:\/\/www.kafevklidu.cz\/en\/wp-json\/wp\/v2\/product_brand?post=326"},{"taxonomy":"product_cat","embeddable":true,"href":"https:\/\/www.kafevklidu.cz\/en\/wp-json\/wp\/v2\/product_cat?post=326"},{"taxonomy":"product_tag","embeddable":true,"href":"https:\/\/www.kafevklidu.cz\/en\/wp-json\/wp\/v2\/product_tag?post=326"}],"curies":[{"name":"wp","href":"https:\/\/api.w.org\/{rel}","templated":true}]}}