{"id":331,"date":"2025-01-23T12:06:26","date_gmt":"2025-01-23T11:06:26","guid":{"rendered":"https:\/\/www.kafevklidu.cz\/?post_type=product&#038;p=331"},"modified":"2025-12-17T13:24:16","modified_gmt":"2025-12-17T12:24:16","slug":"darkovy-voucher-poukaz-na-konzumaci-v-kafe-v-klidu","status":"publish","type":"product","link":"https:\/\/www.kafevklidu.cz\/en\/product\/darkovy-voucher-poukaz-na-konzumaci-v-kafe-v-klidu\/","title":{"rendered":"D\u00e1rkov\u00fd voucher\/poukaz na konzumaci v Kafe v Klidu"},"content":{"rendered":"<p>Hled\u00e1te origin\u00e1ln\u00ed d\u00e1rek, kter\u00fd pot\u011b\u0161\u00ed ka\u017ed\u00e9ho milovn\u00edka k\u00e1vy? S na\u0161\u00edm d\u00e1rkov\u00fdm poukazem m\u016f\u017eete darovat z\u00e1\u017eitek z \u010derstv\u00e9, kvalitn\u00ed k\u00e1vy a dom\u00e1c\u00edch produkt\u016f z na\u0161\u00ed kav\u00e1rny Kafe v Klidu.<\/p>\n<p>Poukaz lze uplatnit jak na n\u00e1kup zrnkov\u00e9 k\u00e1vy na filtr a espresso, tak na ostatn\u00ed produkty v na\u0161em e-shopu, nebo p\u0159\u00edmo v kav\u00e1rn\u011b. Sta\u010d\u00ed si zvolit hodnotu poukazu a nechat obdarovan\u00e9ho, aby si s\u00e1m vybral, co mu nejv\u00edce sedne.<\/p>\n<p>&nbsp;<\/p>\n<p><strong>Detaily poukazu:<\/strong><\/p>\n<ul>\n<li><strong>Pro koho:<\/strong> ide\u00e1ln\u00ed d\u00e1rek pro v\u0161echny, kdo si r\u00e1di u\u017e\u00edvaj\u00ed chv\u00edle pohody u dobr\u00e9 k\u00e1vy.<\/li>\n<li><strong>Hodnota:<\/strong> na v\u00fdb\u011br z n\u011bkolika hodnot, podle va\u0161ich preferenc\u00ed.<\/li>\n<\/ul>\n<p>&nbsp;<\/p>\n<p>Darujte kousek klidu a v\u00fdjime\u010dn\u00e9 k\u00e1vy s na\u0161\u00edm d\u00e1rkov\u00fdm poukazem \u2013 d\u00e1rek, kter\u00fd p\u0159inese radost v ka\u017ed\u00e9m dou\u0161ku!<\/p>","protected":false},"excerpt":{"rendered":"<p>Hled\u00e1te origin\u00e1ln\u00ed d\u00e1rek, kter\u00fd pot\u011b\u0161\u00ed ka\u017ed\u00e9ho milovn\u00edka k\u00e1vy? S na\u0161\u00edm d\u00e1rkov\u00fdm poukazem m\u016f\u017eete darovat z\u00e1\u017eitek z \u010derstv\u00e9, kvalitn\u00ed k\u00e1vy a dom\u00e1c\u00edch produkt\u016f z na\u0161\u00ed kav\u00e1rny Kafe v Klidu.<\/p>","protected":false},"featured_media":356,"comment_status":"open","ping_status":"closed","template":"","meta":{"advanced_seo_description":"","jetpack_seo_html_title":"","jetpack_seo_noindex":false,"wds_primary_product_brand":0,"wds_primary_product_cat":0},"product_brand":[],"product_cat":[56],"product_tag":[],"class_list":{"0":"post-331","1":"product","2":"type-product","3":"status-publish","4":"has-post-thumbnail","6":"product_cat-vouchery","8":"first","9":"instock","10":"shipping-taxable","11":"purchasable","12":"product-type-variable","13":"has-default-attributes"},"jetpack_sharing_enabled":true,"jetpack_likes_enabled":true,"jetpack-related-posts":[],"_links":{"self":[{"href":"https:\/\/www.kafevklidu.cz\/en\/wp-json\/wp\/v2\/product\/331","targetHints":{"allow":["GET"]}}],"collection":[{"href":"https:\/\/www.kafevklidu.cz\/en\/wp-json\/wp\/v2\/product"}],"about":[{"href":"https:\/\/www.kafevklidu.cz\/en\/wp-json\/wp\/v2\/types\/product"}],"replies":[{"embeddable":true,"href":"https:\/\/www.kafevklidu.cz\/en\/wp-json\/wp\/v2\/comments?post=331"}],"wp:featuredmedia":[{"embeddable":true,"href":"https:\/\/www.kafevklidu.cz\/en\/wp-json\/wp\/v2\/media\/356"}],"wp:attachment":[{"href":"https:\/\/www.kafevklidu.cz\/en\/wp-json\/wp\/v2\/media?parent=331"}],"wp:term":[{"taxonomy":"product_brand","embeddable":true,"href":"https:\/\/www.kafevklidu.cz\/en\/wp-json\/wp\/v2\/product_brand?post=331"},{"taxonomy":"product_cat","embeddable":true,"href":"https:\/\/www.kafevklidu.cz\/en\/wp-json\/wp\/v2\/product_cat?post=331"},{"taxonomy":"product_tag","embeddable":true,"href":"https:\/\/www.kafevklidu.cz\/en\/wp-json\/wp\/v2\/product_tag?post=331"}],"curies":[{"name":"wp","href":"https:\/\/api.w.org\/{rel}","templated":true}]}}